{"id":4423,"date":"2026-04-15T13:41:10","date_gmt":"2026-04-15T10:41:10","guid":{"rendered":"https:\/\/yatta.gr\/?post_type=product&#038;p=4423"},"modified":"2026-04-15T13:58:56","modified_gmt":"2026-04-15T10:58:56","slug":"pokemon-adventures-red-and-blue-manga-box-set-volumes-1-7","status":"publish","type":"product","link":"https:\/\/yatta.gr\/en\/books\/manga\/pokemon-adventures-red-and-blue-manga-box-set-volumes-1-7\/","title":{"rendered":"Pok\u00e9mon Adventures: Red &#038; Blue Box Set (Vol. 1\u20137)"},"content":{"rendered":"<p>Red is just a normal kid living in the rural Pallet Town, when he decides to go out on his own adventure, along with his rival, Green. In this world of Pok\u00e9mon, he makes many friends, humans and Pok\u00e9mon alike. However, all is not well. Team Rocket is trying to capture Mew, a very rare Pok\u00e9mon, and is performing experiments on other Pok\u00e9mon, trying to increase their power. Red and his friends must battle against Team Rocket to stop their cruel experiments and unlock the secrets of Pok\u00e9mon.<\/p>","protected":false},"excerpt":{"rendered":"<p>Manga box set containing the first 7 volumes of Pok\u00e9mon Adventures (Red &amp; Blue) in English and an exclusive poster. Based on the video game hit-series of the same name, it covers the events that take place in the Kanto region.<\/p>","protected":false},"featured_media":4424,"template":"","meta":[],"product_brand":[371],"product_cat":[17],"product_tag":[148],"class_list":{"0":"post-4423","1":"product","2":"type-product","3":"status-publish","4":"has-post-thumbnail","6":"product_brand-pokemon","7":"product_cat-manga","8":"product_tag-box-set","10":"first","11":"instock","12":"shipping-taxable","13":"purchasable","14":"product-type-simple"},"ct_brands":[{"id":371,"name":"Pok\u00e9mon","slug":"pokemon"}],"_links":{"self":[{"href":"https:\/\/yatta.gr\/en\/wp-json\/wp\/v2\/product\/4423","targetHints":{"allow":["GET"]}}],"collection":[{"href":"https:\/\/yatta.gr\/en\/wp-json\/wp\/v2\/product"}],"about":[{"href":"https:\/\/yatta.gr\/en\/wp-json\/wp\/v2\/types\/product"}],"wp:featuredmedia":[{"embeddable":true,"href":"https:\/\/yatta.gr\/en\/wp-json\/wp\/v2\/media\/4424"}],"wp:attachment":[{"href":"https:\/\/yatta.gr\/en\/wp-json\/wp\/v2\/media?parent=4423"}],"wp:term":[{"taxonomy":"product_brand","embeddable":true,"href":"https:\/\/yatta.gr\/en\/wp-json\/wp\/v2\/product_brand?post=4423"},{"taxonomy":"product_cat","embeddable":true,"href":"https:\/\/yatta.gr\/en\/wp-json\/wp\/v2\/product_cat?post=4423"},{"taxonomy":"product_tag","embeddable":true,"href":"https:\/\/yatta.gr\/en\/wp-json\/wp\/v2\/product_tag?post=4423"}],"curies":[{"name":"wp","href":"https:\/\/api.w.org\/{rel}","templated":true}]}}